{"id":145,"date":"2021-12-09T15:42:21","date_gmt":"2021-12-09T14:42:21","guid":{"rendered":"http:\/\/bensonkfe.fr\/?page_id=145"},"modified":"2022-03-18T09:28:26","modified_gmt":"2022-03-18T08:28:26","slug":"galerie","status":"publish","type":"page","link":"https:\/\/bensonkfe.fr\/index.php\/galerie\/","title":{"rendered":"Galerie"},"content":{"rendered":"\t\t<div data-elementor-type=\"wp-page\" data-elementor-id=\"145\" class=\"elementor elementor-145\" data-elementor-settings=\"[]\">\n\t\t\t\t\t\t\t<div class=\"elementor-section-wrap\">\n\t\t\t\t\t\t\t<section class=\"elementor-section elementor-top-section elementor-element elementor-element-2bc8f2f elementor-section-boxed elementor-section-height-default elementor-section-height-default\" data-id=\"2bc8f2f\" data-element_type=\"section\">\n\t\t\t\t\t\t<div class=\"elementor-container elementor-column-gap-default\">\n\t\t\t\t\t<div class=\"elementor-column elementor-col-100 elementor-top-column elementor-element elementor-element-3b2cdf5\" data-id=\"3b2cdf5\" data-element_type=\"column\">\n\t\t\t<div class=\"elementor-widget-wrap elementor-element-populated\">\n\t\t\t\t\t\t\t\t<div class=\"elementor-element elementor-element-767912d elementor-pagination-position-outside elementor-widget elementor-widget-image-carousel\" data-id=\"767912d\" data-element_type=\"widget\" data-settings=\"{&quot;navigation&quot;:&quot;dots&quot;,&quot;autoplay&quot;:&quot;yes&quot;,&quot;pause_on_hover&quot;:&quot;yes&quot;,&quot;pause_on_interaction&quot;:&quot;yes&quot;,&quot;autoplay_speed&quot;:5000,&quot;infinite&quot;:&quot;yes&quot;,&quot;speed&quot;:500}\" data-widget_type=\"image-carousel.default\">\n\t\t\t\t<div class=\"elementor-widget-container\">\n\t\t\t<style>\/*! elementor - v3.5.6 - 28-02-2022 *\/\n.elementor-widget-image-carousel .swiper-container{position:static}.elementor-widget-image-carousel .swiper-container .swiper-slide figure{line-height:inherit}.elementor-widget-image-carousel .swiper-slide{text-align:center}.elementor-image-carousel-wrapper:not(.swiper-container-initialized) .swiper-slide{max-width:calc(100% \/ var(--e-image-carousel-slides-to-show, 3))}<\/style>\t\t<div class=\"elementor-image-carousel-wrapper swiper-container\" dir=\"ltr\">\n\t\t\t<div class=\"elementor-image-carousel swiper-wrapper\">\n\t\t\t\t\t\t\t\t<div class=\"swiper-slide\"><a data-elementor-open-lightbox=\"yes\" data-elementor-lightbox-slideshow=\"767912d\" data-elementor-lightbox-title=\"IMG_1079 2\" e-action-hash=\"#elementor-action%3Aaction%3Dlightbox%26settings%3DeyJpZCI6MzcsInVybCI6Imh0dHBzOlwvXC9iZW5zb25rZmUuZnJcL3dwLWNvbnRlbnRcL3VwbG9hZHNcLzIwMjFcLzEwXC9JTUdfMTA3OS0yLXNjYWxlZC5qcGciLCJzbGlkZXNob3ciOiI3Njc5MTJkIn0%3D\" href=\"https:\/\/bensonkfe.fr\/wp-content\/uploads\/2021\/10\/IMG_1079-2-scaled.jpg\"><figure class=\"swiper-slide-inner\"><img class=\"swiper-slide-image\" src=\"https:\/\/bensonkfe.fr\/wp-content\/uploads\/2021\/10\/IMG_1079-2-1024x768.jpg\" alt=\"Burger\" \/><figcaption class=\"elementor-image-carousel-caption\">Burger<\/figcaption><\/figure><\/a><\/div><div class=\"swiper-slide\"><a data-elementor-open-lightbox=\"yes\" data-elementor-lightbox-slideshow=\"767912d\" data-elementor-lightbox-title=\"IMG_1095 2\" e-action-hash=\"#elementor-action%3Aaction%3Dlightbox%26settings%3DeyJpZCI6NTMsInVybCI6Imh0dHBzOlwvXC9iZW5zb25rZmUuZnJcL3dwLWNvbnRlbnRcL3VwbG9hZHNcLzIwMjFcLzEwXC9JTUdfMTA5NS0yLXNjYWxlZC5qcGciLCJzbGlkZXNob3ciOiI3Njc5MTJkIn0%3D\" href=\"https:\/\/bensonkfe.fr\/wp-content\/uploads\/2021\/10\/IMG_1095-2-scaled.jpg\"><figure class=\"swiper-slide-inner\"><img class=\"swiper-slide-image\" src=\"https:\/\/bensonkfe.fr\/wp-content\/uploads\/2021\/10\/IMG_1095-2-1024x768.jpg\" alt=\"Bryou Burger\" \/><figcaption class=\"elementor-image-carousel-caption\">Bryou Burger <\/figcaption><\/figure><\/a><\/div><div class=\"swiper-slide\"><a data-elementor-open-lightbox=\"yes\" data-elementor-lightbox-slideshow=\"767912d\" data-elementor-lightbox-title=\"IMG_1083 2\" e-action-hash=\"#elementor-action%3Aaction%3Dlightbox%26settings%3DeyJpZCI6NDEsInVybCI6Imh0dHBzOlwvXC9iZW5zb25rZmUuZnJcL3dwLWNvbnRlbnRcL3VwbG9hZHNcLzIwMjFcLzEwXC9JTUdfMTA4My0yLXNjYWxlZC5qcGciLCJzbGlkZXNob3ciOiI3Njc5MTJkIn0%3D\" href=\"https:\/\/bensonkfe.fr\/wp-content\/uploads\/2021\/10\/IMG_1083-2-scaled.jpg\"><figure class=\"swiper-slide-inner\"><img class=\"swiper-slide-image\" src=\"https:\/\/bensonkfe.fr\/wp-content\/uploads\/2021\/10\/IMG_1083-2-1024x768.jpg\" alt=\"Maroco Burger\" \/><figcaption class=\"elementor-image-carousel-caption\">Maroco Burger<\/figcaption><\/figure><\/a><\/div>\t\t\t<\/div>\n\t\t\t\t\t\t\t\t\t\t\t\t<div class=\"swiper-pagination\"><\/div>\n\t\t\t\t\t\t\t\t\t\t\t\t\t<\/div>\n\t\t\t\t<\/div>\n\t\t\t\t<\/div>\n\t\t\t\t<div class=\"elementor-element elementor-element-6fc0a2f elementor-pagination-position-outside elementor-widget elementor-widget-image-carousel\" data-id=\"6fc0a2f\" data-element_type=\"widget\" data-settings=\"{&quot;navigation&quot;:&quot;dots&quot;,&quot;autoplay&quot;:&quot;yes&quot;,&quot;pause_on_hover&quot;:&quot;yes&quot;,&quot;pause_on_interaction&quot;:&quot;yes&quot;,&quot;autoplay_speed&quot;:5000,&quot;infinite&quot;:&quot;yes&quot;,&quot;speed&quot;:500}\" data-widget_type=\"image-carousel.default\">\n\t\t\t\t<div class=\"elementor-widget-container\">\n\t\t\t\t\t<div class=\"elementor-image-carousel-wrapper swiper-container\" dir=\"ltr\">\n\t\t\t<div class=\"elementor-image-carousel swiper-wrapper\">\n\t\t\t\t\t\t\t\t<div class=\"swiper-slide\"><a data-elementor-open-lightbox=\"yes\" data-elementor-lightbox-slideshow=\"6fc0a2f\" data-elementor-lightbox-title=\"IMG_1101 2\" e-action-hash=\"#elementor-action%3Aaction%3Dlightbox%26settings%3DeyJpZCI6NTksInVybCI6Imh0dHBzOlwvXC9iZW5zb25rZmUuZnJcL3dwLWNvbnRlbnRcL3VwbG9hZHNcLzIwMjFcLzEwXC9JTUdfMTEwMS0yLXNjYWxlZC5qcGciLCJzbGlkZXNob3ciOiI2ZmMwYTJmIn0%3D\" href=\"https:\/\/bensonkfe.fr\/wp-content\/uploads\/2021\/10\/IMG_1101-2-scaled.jpg\"><figure class=\"swiper-slide-inner\"><img class=\"swiper-slide-image\" src=\"https:\/\/bensonkfe.fr\/wp-content\/uploads\/2021\/10\/IMG_1101-2-1024x768.jpg\" alt=\"Parguit caram\u00e9lis\u00e9 au miel\" \/><figcaption class=\"elementor-image-carousel-caption\">Parguit caram\u00e9lis\u00e9 au miel<\/figcaption><\/figure><\/a><\/div><div class=\"swiper-slide\"><a data-elementor-open-lightbox=\"yes\" data-elementor-lightbox-slideshow=\"6fc0a2f\" data-elementor-lightbox-title=\"IMG_1094 3\" e-action-hash=\"#elementor-action%3Aaction%3Dlightbox%26settings%3DeyJpZCI6NTIsInVybCI6Imh0dHBzOlwvXC9iZW5zb25rZmUuZnJcL3dwLWNvbnRlbnRcL3VwbG9hZHNcLzIwMjFcLzEwXC9JTUdfMTA5NC0zLXNjYWxlZC5qcGciLCJzbGlkZXNob3ciOiI2ZmMwYTJmIn0%3D\" href=\"https:\/\/bensonkfe.fr\/wp-content\/uploads\/2021\/10\/IMG_1094-3-scaled.jpg\"><figure class=\"swiper-slide-inner\"><img class=\"swiper-slide-image\" src=\"https:\/\/bensonkfe.fr\/wp-content\/uploads\/2021\/10\/IMG_1094-3-1024x768.jpg\" alt=\"Kefta\" \/><figcaption class=\"elementor-image-carousel-caption\">Kefta <\/figcaption><\/figure><\/a><\/div><div class=\"swiper-slide\"><a data-elementor-open-lightbox=\"yes\" data-elementor-lightbox-slideshow=\"6fc0a2f\" data-elementor-lightbox-title=\"IMG_1107 3\" e-action-hash=\"#elementor-action%3Aaction%3Dlightbox%26settings%3DeyJpZCI6NjUsInVybCI6Imh0dHBzOlwvXC9iZW5zb25rZmUuZnJcL3dwLWNvbnRlbnRcL3VwbG9hZHNcLzIwMjFcLzEwXC9JTUdfMTEwNy0zLXNjYWxlZC5qcGciLCJzbGlkZXNob3ciOiI2ZmMwYTJmIn0%3D\" href=\"https:\/\/bensonkfe.fr\/wp-content\/uploads\/2021\/10\/IMG_1107-3-scaled.jpg\"><figure class=\"swiper-slide-inner\"><img class=\"swiper-slide-image\" src=\"https:\/\/bensonkfe.fr\/wp-content\/uploads\/2021\/10\/IMG_1107-3-1024x768.jpg\" alt=\"Escalope de poulet grill\u00e9\" \/><figcaption class=\"elementor-image-carousel-caption\">Escalope de poulet grill\u00e9<\/figcaption><\/figure><\/a><\/div>\t\t\t<\/div>\n\t\t\t\t\t\t\t\t\t\t\t\t<div class=\"swiper-pagination\"><\/div>\n\t\t\t\t\t\t\t\t\t\t\t\t\t<\/div>\n\t\t\t\t<\/div>\n\t\t\t\t<\/div>\n\t\t\t\t\t<\/div>\n\t\t<\/div>\n\t\t\t\t\t\t\t<\/div>\n\t\t<\/section>\n\t\t\t\t<section class=\"elementor-section elementor-top-section elementor-element elementor-element-521c1d4 elementor-section-boxed elementor-section-height-default elementor-section-height-default\" data-id=\"521c1d4\" data-element_type=\"section\">\n\t\t\t\t\t\t<div class=\"elementor-container elementor-column-gap-default\">\n\t\t\t\t\t<div class=\"elementor-column elementor-col-100 elementor-top-column elementor-element elementor-element-761e2a0\" data-id=\"761e2a0\" data-element_type=\"column\">\n\t\t\t<div class=\"elementor-widget-wrap elementor-element-populated\">\n\t\t\t\t\t\t\t\t<div class=\"elementor-element elementor-element-b85a4f3 elementor-pagination-position-outside elementor-widget elementor-widget-image-carousel\" data-id=\"b85a4f3\" data-element_type=\"widget\" data-settings=\"{&quot;navigation&quot;:&quot;dots&quot;,&quot;autoplay&quot;:&quot;yes&quot;,&quot;pause_on_hover&quot;:&quot;yes&quot;,&quot;pause_on_interaction&quot;:&quot;yes&quot;,&quot;autoplay_speed&quot;:5000,&quot;infinite&quot;:&quot;yes&quot;,&quot;speed&quot;:500}\" data-widget_type=\"image-carousel.default\">\n\t\t\t\t<div class=\"elementor-widget-container\">\n\t\t\t\t\t<div class=\"elementor-image-carousel-wrapper swiper-container\" dir=\"ltr\">\n\t\t\t<div class=\"elementor-image-carousel swiper-wrapper\">\n\t\t\t\t\t\t\t\t<div class=\"swiper-slide\"><a data-elementor-open-lightbox=\"yes\" data-elementor-lightbox-slideshow=\"b85a4f3\" data-elementor-lightbox-title=\"IMG_1110 2\" e-action-hash=\"#elementor-action%3Aaction%3Dlightbox%26settings%3DeyJpZCI6NjgsInVybCI6Imh0dHBzOlwvXC9iZW5zb25rZmUuZnJcL3dwLWNvbnRlbnRcL3VwbG9hZHNcLzIwMjFcLzEwXC9JTUdfMTExMC0yLXNjYWxlZC5qcGciLCJzbGlkZXNob3ciOiJiODVhNGYzIn0%3D\" href=\"https:\/\/bensonkfe.fr\/wp-content\/uploads\/2021\/10\/IMG_1110-2-scaled.jpg\"><figure class=\"swiper-slide-inner\"><img class=\"swiper-slide-image\" src=\"https:\/\/bensonkfe.fr\/wp-content\/uploads\/2021\/10\/IMG_1110-2-1024x768.jpg\" alt=\"Salade Chicken\" \/><figcaption class=\"elementor-image-carousel-caption\">Salade Chicken<\/figcaption><\/figure><\/a><\/div><div class=\"swiper-slide\"><a data-elementor-open-lightbox=\"yes\" data-elementor-lightbox-slideshow=\"b85a4f3\" data-elementor-lightbox-title=\"IMG_1106 2\" e-action-hash=\"#elementor-action%3Aaction%3Dlightbox%26settings%3DeyJpZCI6NjQsInVybCI6Imh0dHBzOlwvXC9iZW5zb25rZmUuZnJcL3dwLWNvbnRlbnRcL3VwbG9hZHNcLzIwMjFcLzEwXC9JTUdfMTEwNi0yLXNjYWxlZC5qcGciLCJzbGlkZXNob3ciOiJiODVhNGYzIn0%3D\" href=\"https:\/\/bensonkfe.fr\/wp-content\/uploads\/2021\/10\/IMG_1106-2-scaled.jpg\"><figure class=\"swiper-slide-inner\"><img class=\"swiper-slide-image\" src=\"https:\/\/bensonkfe.fr\/wp-content\/uploads\/2021\/10\/IMG_1106-2-1024x768.jpg\" alt=\"Parguit\" \/><figcaption class=\"elementor-image-carousel-caption\">Parguit <\/figcaption><\/figure><\/a><\/div><div class=\"swiper-slide\"><a data-elementor-open-lightbox=\"yes\" data-elementor-lightbox-slideshow=\"b85a4f3\" data-elementor-lightbox-title=\"IMG_1102 2\" e-action-hash=\"#elementor-action%3Aaction%3Dlightbox%26settings%3DeyJpZCI6NjAsInVybCI6Imh0dHBzOlwvXC9iZW5zb25rZmUuZnJcL3dwLWNvbnRlbnRcL3VwbG9hZHNcLzIwMjFcLzEwXC9JTUdfMTEwMi0yLXNjYWxlZC5qcGciLCJzbGlkZXNob3ciOiJiODVhNGYzIn0%3D\" href=\"https:\/\/bensonkfe.fr\/wp-content\/uploads\/2021\/10\/IMG_1102-2-scaled.jpg\"><figure class=\"swiper-slide-inner\"><img class=\"swiper-slide-image\" src=\"https:\/\/bensonkfe.fr\/wp-content\/uploads\/2021\/10\/IMG_1102-2-1024x768.jpg\" alt=\"Mexico Burger\" \/><figcaption class=\"elementor-image-carousel-caption\">Mexico Burger<\/figcaption><\/figure><\/a><\/div>\t\t\t<\/div>\n\t\t\t\t\t\t\t\t\t\t\t\t<div class=\"swiper-pagination\"><\/div>\n\t\t\t\t\t\t\t\t\t\t\t\t\t<\/div>\n\t\t\t\t<\/div>\n\t\t\t\t<\/div>\n\t\t\t\t\t<\/div>\n\t\t<\/div>\n\t\t\t\t\t\t\t<\/div>\n\t\t<\/section>\n\t\t\t\t\t\t<\/div>\n\t\t\t\t\t<\/div>\n\t\t","protected":false},"excerpt":{"rendered":"<p>Burger Bryou Burger Maroco Burger Parguit caram\u00e9lis\u00e9 au miel Kefta Escalope de poulet grill\u00e9 Salade Chicken Parguit Mexico Burger<\/p>\n","protected":false},"author":1,"featured_media":0,"parent":0,"menu_order":0,"comment_status":"closed","ping_status":"closed","template":"","meta":[],"yoast_head":"<!-- This site is optimized with the Yoast SEO plugin v18.3 - https:\/\/yoast.com\/wordpress\/plugins\/seo\/ -->\n<title>Galerie - Benson Kf\u00e9<\/title>\n<meta name=\"robots\" content=\"index, follow, max-snippet:-1, max-image-preview:large, max-video-preview:-1\" \/>\n<link rel=\"canonical\" href=\"http:\/\/bensonkfe.fr\/index.php\/galerie\/\" \/>\n<meta property=\"og:locale\" content=\"en_US\" \/>\n<meta property=\"og:type\" content=\"article\" \/>\n<meta property=\"og:title\" content=\"Galerie - Benson Kf\u00e9\" \/>\n<meta property=\"og:description\" content=\"Burger Bryou Burger Maroco Burger Parguit caram\u00e9lis\u00e9 au miel Kefta Escalope de poulet grill\u00e9 Salade Chicken Parguit Mexico Burger\" \/>\n<meta property=\"og:url\" content=\"http:\/\/bensonkfe.fr\/index.php\/galerie\/\" \/>\n<meta property=\"og:site_name\" content=\"Benson Kf\u00e9\" \/>\n<meta property=\"article:modified_time\" content=\"2022-03-18T08:28:26+00:00\" \/>\n<meta property=\"og:image\" content=\"http:\/\/bensonkfe.fr\/wp-content\/uploads\/2021\/10\/IMG_1079-2-1024x768.jpg\" \/>\n<meta name=\"twitter:card\" content=\"summary_large_image\" \/>\n<meta name=\"twitter:label1\" content=\"Est. reading time\" \/>\n\t<meta name=\"twitter:data1\" content=\"6 minutes\" \/>\n<script type=\"application\/ld+json\" class=\"yoast-schema-graph\">{\"@context\":\"https:\/\/schema.org\",\"@graph\":[{\"@type\":\"WebSite\",\"@id\":\"https:\/\/bensonkfe.fr\/#website\",\"url\":\"https:\/\/bensonkfe.fr\/\",\"name\":\"Benson Kf\u00e9\",\"description\":\"Burgers et Grillades Gourmets\",\"potentialAction\":[{\"@type\":\"SearchAction\",\"target\":{\"@type\":\"EntryPoint\",\"urlTemplate\":\"https:\/\/bensonkfe.fr\/?s={search_term_string}\"},\"query-input\":\"required name=search_term_string\"}],\"inLanguage\":\"en-US\"},{\"@type\":\"ImageObject\",\"@id\":\"http:\/\/bensonkfe.fr\/index.php\/galerie\/#primaryimage\",\"inLanguage\":\"en-US\",\"url\":\"http:\/\/bensonkfe.fr\/wp-content\/uploads\/2021\/10\/IMG_1079-2-1024x768.jpg\",\"contentUrl\":\"http:\/\/bensonkfe.fr\/wp-content\/uploads\/2021\/10\/IMG_1079-2-1024x768.jpg\"},{\"@type\":\"WebPage\",\"@id\":\"http:\/\/bensonkfe.fr\/index.php\/galerie\/#webpage\",\"url\":\"http:\/\/bensonkfe.fr\/index.php\/galerie\/\",\"name\":\"Galerie - Benson Kf\u00e9\",\"isPartOf\":{\"@id\":\"https:\/\/bensonkfe.fr\/#website\"},\"primaryImageOfPage\":{\"@id\":\"http:\/\/bensonkfe.fr\/index.php\/galerie\/#primaryimage\"},\"datePublished\":\"2021-12-09T14:42:21+00:00\",\"dateModified\":\"2022-03-18T08:28:26+00:00\",\"breadcrumb\":{\"@id\":\"http:\/\/bensonkfe.fr\/index.php\/galerie\/#breadcrumb\"},\"inLanguage\":\"en-US\",\"potentialAction\":[{\"@type\":\"ReadAction\",\"target\":[\"http:\/\/bensonkfe.fr\/index.php\/galerie\/\"]}]},{\"@type\":\"BreadcrumbList\",\"@id\":\"http:\/\/bensonkfe.fr\/index.php\/galerie\/#breadcrumb\",\"itemListElement\":[{\"@type\":\"ListItem\",\"position\":1,\"name\":\"Home\",\"item\":\"https:\/\/bensonkfe.fr\/\"},{\"@type\":\"ListItem\",\"position\":2,\"name\":\"Galerie\"}]}]}<\/script>\n<!-- \/ Yoast SEO plugin. -->","yoast_head_json":{"title":"Galerie - Benson Kf\u00e9","robots":{"index":"index","follow":"follow","max-snippet":"max-snippet:-1","max-image-preview":"max-image-preview:large","max-video-preview":"max-video-preview:-1"},"canonical":"http:\/\/bensonkfe.fr\/index.php\/galerie\/","og_locale":"en_US","og_type":"article","og_title":"Galerie - Benson Kf\u00e9","og_description":"Burger Bryou Burger Maroco Burger Parguit caram\u00e9lis\u00e9 au miel Kefta Escalope de poulet grill\u00e9 Salade Chicken Parguit Mexico Burger","og_url":"http:\/\/bensonkfe.fr\/index.php\/galerie\/","og_site_name":"Benson Kf\u00e9","article_modified_time":"2022-03-18T08:28:26+00:00","og_image":[{"url":"http:\/\/bensonkfe.fr\/wp-content\/uploads\/2021\/10\/IMG_1079-2-1024x768.jpg"}],"twitter_card":"summary_large_image","twitter_misc":{"Est. reading time":"6 minutes"},"schema":{"@context":"https:\/\/schema.org","@graph":[{"@type":"WebSite","@id":"https:\/\/bensonkfe.fr\/#website","url":"https:\/\/bensonkfe.fr\/","name":"Benson Kf\u00e9","description":"Burgers et Grillades Gourmets","potentialAction":[{"@type":"SearchAction","target":{"@type":"EntryPoint","urlTemplate":"https:\/\/bensonkfe.fr\/?s={search_term_string}"},"query-input":"required name=search_term_string"}],"inLanguage":"en-US"},{"@type":"ImageObject","@id":"http:\/\/bensonkfe.fr\/index.php\/galerie\/#primaryimage","inLanguage":"en-US","url":"http:\/\/bensonkfe.fr\/wp-content\/uploads\/2021\/10\/IMG_1079-2-1024x768.jpg","contentUrl":"http:\/\/bensonkfe.fr\/wp-content\/uploads\/2021\/10\/IMG_1079-2-1024x768.jpg"},{"@type":"WebPage","@id":"http:\/\/bensonkfe.fr\/index.php\/galerie\/#webpage","url":"http:\/\/bensonkfe.fr\/index.php\/galerie\/","name":"Galerie - Benson Kf\u00e9","isPartOf":{"@id":"https:\/\/bensonkfe.fr\/#website"},"primaryImageOfPage":{"@id":"http:\/\/bensonkfe.fr\/index.php\/galerie\/#primaryimage"},"datePublished":"2021-12-09T14:42:21+00:00","dateModified":"2022-03-18T08:28:26+00:00","breadcrumb":{"@id":"http:\/\/bensonkfe.fr\/index.php\/galerie\/#breadcrumb"},"inLanguage":"en-US","potentialAction":[{"@type":"ReadAction","target":["http:\/\/bensonkfe.fr\/index.php\/galerie\/"]}]},{"@type":"BreadcrumbList","@id":"http:\/\/bensonkfe.fr\/index.php\/galerie\/#breadcrumb","itemListElement":[{"@type":"ListItem","position":1,"name":"Home","item":"https:\/\/bensonkfe.fr\/"},{"@type":"ListItem","position":2,"name":"Galerie"}]}]}},"_links":{"self":[{"href":"https:\/\/bensonkfe.fr\/index.php\/wp-json\/wp\/v2\/pages\/145"}],"collection":[{"href":"https:\/\/bensonkfe.fr\/index.php\/wp-json\/wp\/v2\/pages"}],"about":[{"href":"https:\/\/bensonkfe.fr\/index.php\/wp-json\/wp\/v2\/types\/page"}],"author":[{"embeddable":true,"href":"https:\/\/bensonkfe.fr\/index.php\/wp-json\/wp\/v2\/users\/1"}],"replies":[{"embeddable":true,"href":"https:\/\/bensonkfe.fr\/index.php\/wp-json\/wp\/v2\/comments?post=145"}],"version-history":[{"count":16,"href":"https:\/\/bensonkfe.fr\/index.php\/wp-json\/wp\/v2\/pages\/145\/revisions"}],"predecessor-version":[{"id":308,"href":"https:\/\/bensonkfe.fr\/index.php\/wp-json\/wp\/v2\/pages\/145\/revisions\/308"}],"wp:attachment":[{"href":"https:\/\/bensonkfe.fr\/index.php\/wp-json\/wp\/v2\/media?parent=145"}],"curies":[{"name":"wp","href":"https:\/\/api.w.org\/{rel}","templated":true}]}}